{"id":11800,"date":"2026-04-16T07:05:02","date_gmt":"2026-04-16T05:05:02","guid":{"rendered":"https:\/\/pulson.pl\/lost-password\/"},"modified":"2026-04-16T07:05:02","modified_gmt":"2026-04-16T05:05:02","slug":"lost-password","status":"publish","type":"page","link":"https:\/\/pulson.pl\/en\/lost-password\/","title":{"rendered":"Lost Password"},"content":{"rendered":"[user_registration_lost_password]","protected":false},"excerpt":{"rendered":"[user_registration_lost_password]","protected":false},"author":1,"featured_media":0,"parent":0,"menu_order":0,"comment_status":"closed","ping_status":"closed","template":"","meta":{"inline_featured_image":false,"footnotes":""},"class_list":["post-11800","page","type-page","status-publish","hentry"],"yoast_head":"<!-- This site is optimized with the Yoast SEO plugin v27.5 - https:\/\/yoast.com\/product\/yoast-seo-wordpress\/ -->\n<title>Lost Password - Pulson<\/title>\n<meta name=\"robots\" content=\"index, follow, max-snippet:-1, max-image-preview:large, max-video-preview:-1\" \/>\n<link rel=\"canonical\" href=\"https:\/\/pulson.pl\/en\/lost-password\/\" \/>\n<meta property=\"og:locale\" content=\"en_GB\" \/>\n<meta property=\"og:type\" content=\"article\" \/>\n<meta property=\"og:title\" content=\"Lost Password - Pulson\" \/>\n<meta property=\"og:description\" content=\"[user_registration_lost_password]\" \/>\n<meta property=\"og:url\" content=\"https:\/\/pulson.pl\/en\/lost-password\/\" \/>\n<meta property=\"og:site_name\" content=\"Pulson\" \/>\n<meta name=\"twitter:card\" content=\"summary_large_image\" \/>\n<script type=\"application\/ld+json\" class=\"yoast-schema-graph\">{\"@context\":\"https:\\\/\\\/schema.org\",\"@graph\":[{\"@type\":\"WebPage\",\"@id\":\"https:\\\/\\\/pulson.pl\\\/en\\\/lost-password\\\/\",\"url\":\"https:\\\/\\\/pulson.pl\\\/en\\\/lost-password\\\/\",\"name\":\"Lost Password - Pulson\",\"isPartOf\":{\"@id\":\"https:\\\/\\\/pulson.pl\\\/en\\\/#website\"},\"datePublished\":\"2026-04-16T05:05:02+00:00\",\"breadcrumb\":{\"@id\":\"https:\\\/\\\/pulson.pl\\\/en\\\/lost-password\\\/#breadcrumb\"},\"inLanguage\":\"en-GB\",\"potentialAction\":[{\"@type\":\"ReadAction\",\"target\":[\"https:\\\/\\\/pulson.pl\\\/en\\\/lost-password\\\/\"]}]},{\"@type\":\"BreadcrumbList\",\"@id\":\"https:\\\/\\\/pulson.pl\\\/en\\\/lost-password\\\/#breadcrumb\",\"itemListElement\":[{\"@type\":\"ListItem\",\"position\":1,\"name\":\"Strona g\u0142\u00f3wna\",\"item\":\"https:\\\/\\\/pulson.pl\\\/\"},{\"@type\":\"ListItem\",\"position\":2,\"name\":\"Lost Password\"}]},{\"@type\":\"WebSite\",\"@id\":\"https:\\\/\\\/pulson.pl\\\/en\\\/#website\",\"url\":\"https:\\\/\\\/pulson.pl\\\/en\\\/\",\"name\":\"Pulson\",\"description\":\"Firmy Omtech i Pulson stanowi\u0105 silny tandem projektuj\u0105cy i produkuj\u0105cy urz\u0105dzenia elektroniczne i systemy informatyczne.\",\"potentialAction\":[{\"@type\":\"SearchAction\",\"target\":{\"@type\":\"EntryPoint\",\"urlTemplate\":\"https:\\\/\\\/pulson.pl\\\/en\\\/?s={search_term_string}\"},\"query-input\":{\"@type\":\"PropertyValueSpecification\",\"valueRequired\":true,\"valueName\":\"search_term_string\"}}],\"inLanguage\":\"en-GB\"}]}<\/script>\n<!-- \/ Yoast SEO plugin. -->","yoast_head_json":{"title":"Lost Password - Pulson","robots":{"index":"index","follow":"follow","max-snippet":"max-snippet:-1","max-image-preview":"max-image-preview:large","max-video-preview":"max-video-preview:-1"},"canonical":"https:\/\/pulson.pl\/en\/lost-password\/","og_locale":"en_GB","og_type":"article","og_title":"Lost Password - Pulson","og_description":"[user_registration_lost_password]","og_url":"https:\/\/pulson.pl\/en\/lost-password\/","og_site_name":"Pulson","twitter_card":"summary_large_image","schema":{"@context":"https:\/\/schema.org","@graph":[{"@type":"WebPage","@id":"https:\/\/pulson.pl\/en\/lost-password\/","url":"https:\/\/pulson.pl\/en\/lost-password\/","name":"Lost Password - Pulson","isPartOf":{"@id":"https:\/\/pulson.pl\/en\/#website"},"datePublished":"2026-04-16T05:05:02+00:00","breadcrumb":{"@id":"https:\/\/pulson.pl\/en\/lost-password\/#breadcrumb"},"inLanguage":"en-GB","potentialAction":[{"@type":"ReadAction","target":["https:\/\/pulson.pl\/en\/lost-password\/"]}]},{"@type":"BreadcrumbList","@id":"https:\/\/pulson.pl\/en\/lost-password\/#breadcrumb","itemListElement":[{"@type":"ListItem","position":1,"name":"Strona g\u0142\u00f3wna","item":"https:\/\/pulson.pl\/"},{"@type":"ListItem","position":2,"name":"Lost Password"}]},{"@type":"WebSite","@id":"https:\/\/pulson.pl\/en\/#website","url":"https:\/\/pulson.pl\/en\/","name":"Pulson","description":"Firmy Omtech i Pulson stanowi\u0105 silny tandem projektuj\u0105cy i produkuj\u0105cy urz\u0105dzenia elektroniczne i systemy informatyczne.","potentialAction":[{"@type":"SearchAction","target":{"@type":"EntryPoint","urlTemplate":"https:\/\/pulson.pl\/en\/?s={search_term_string}"},"query-input":{"@type":"PropertyValueSpecification","valueRequired":true,"valueName":"search_term_string"}}],"inLanguage":"en-GB"}]}},"_links":{"self":[{"href":"https:\/\/pulson.pl\/en\/wp-json\/wp\/v2\/pages\/11800","targetHints":{"allow":["GET"]}}],"collection":[{"href":"https:\/\/pulson.pl\/en\/wp-json\/wp\/v2\/pages"}],"about":[{"href":"https:\/\/pulson.pl\/en\/wp-json\/wp\/v2\/types\/page"}],"author":[{"embeddable":true,"href":"https:\/\/pulson.pl\/en\/wp-json\/wp\/v2\/users\/1"}],"replies":[{"embeddable":true,"href":"https:\/\/pulson.pl\/en\/wp-json\/wp\/v2\/comments?post=11800"}],"version-history":[{"count":0,"href":"https:\/\/pulson.pl\/en\/wp-json\/wp\/v2\/pages\/11800\/revisions"}],"wp:attachment":[{"href":"https:\/\/pulson.pl\/en\/wp-json\/wp\/v2\/media?parent=11800"}],"curies":[{"name":"wp","href":"https:\/\/api.w.org\/{rel}","templated":true}]}}