{"id":11801,"date":"2026-04-16T07:05:08","date_gmt":"2026-04-16T05:05:08","guid":{"rendered":"https:\/\/pulson.pl\/membership-pricing\/"},"modified":"2026-04-16T07:05:08","modified_gmt":"2026-04-16T05:05:08","slug":"membership-pricing","status":"publish","type":"page","link":"https:\/\/pulson.pl\/en\/membership-pricing\/","title":{"rendered":"Membership Pricing"},"content":{"rendered":"<div>Membership Listing<\/div>","protected":false},"excerpt":{"rendered":"","protected":false},"author":1,"featured_media":0,"parent":0,"menu_order":0,"comment_status":"closed","ping_status":"closed","template":"","meta":{"inline_featured_image":false,"footnotes":""},"class_list":["post-11801","page","type-page","status-publish","hentry"],"yoast_head":"<!-- This site is optimized with the Yoast SEO plugin v27.5 - https:\/\/yoast.com\/product\/yoast-seo-wordpress\/ -->\n<title>Membership Pricing - Pulson<\/title>\n<meta name=\"robots\" content=\"index, follow, max-snippet:-1, max-image-preview:large, max-video-preview:-1\" \/>\n<link rel=\"canonical\" href=\"https:\/\/pulson.pl\/en\/membership-pricing\/\" \/>\n<meta property=\"og:locale\" content=\"en_GB\" \/>\n<meta property=\"og:type\" content=\"article\" \/>\n<meta property=\"og:title\" content=\"Membership Pricing - Pulson\" \/>\n<meta property=\"og:url\" content=\"https:\/\/pulson.pl\/en\/membership-pricing\/\" \/>\n<meta property=\"og:site_name\" content=\"Pulson\" \/>\n<meta name=\"twitter:card\" content=\"summary_large_image\" \/>\n<script type=\"application\/ld+json\" class=\"yoast-schema-graph\">{\"@context\":\"https:\\\/\\\/schema.org\",\"@graph\":[{\"@type\":\"WebPage\",\"@id\":\"https:\\\/\\\/pulson.pl\\\/en\\\/membership-pricing\\\/\",\"url\":\"https:\\\/\\\/pulson.pl\\\/en\\\/membership-pricing\\\/\",\"name\":\"Membership Pricing - Pulson\",\"isPartOf\":{\"@id\":\"https:\\\/\\\/pulson.pl\\\/en\\\/#website\"},\"datePublished\":\"2026-04-16T05:05:08+00:00\",\"breadcrumb\":{\"@id\":\"https:\\\/\\\/pulson.pl\\\/en\\\/membership-pricing\\\/#breadcrumb\"},\"inLanguage\":\"en-GB\",\"potentialAction\":[{\"@type\":\"ReadAction\",\"target\":[\"https:\\\/\\\/pulson.pl\\\/en\\\/membership-pricing\\\/\"]}]},{\"@type\":\"BreadcrumbList\",\"@id\":\"https:\\\/\\\/pulson.pl\\\/en\\\/membership-pricing\\\/#breadcrumb\",\"itemListElement\":[{\"@type\":\"ListItem\",\"position\":1,\"name\":\"Strona g\u0142\u00f3wna\",\"item\":\"https:\\\/\\\/pulson.pl\\\/\"},{\"@type\":\"ListItem\",\"position\":2,\"name\":\"Membership Pricing\"}]},{\"@type\":\"WebSite\",\"@id\":\"https:\\\/\\\/pulson.pl\\\/en\\\/#website\",\"url\":\"https:\\\/\\\/pulson.pl\\\/en\\\/\",\"name\":\"Pulson\",\"description\":\"Firmy Omtech i Pulson stanowi\u0105 silny tandem projektuj\u0105cy i produkuj\u0105cy urz\u0105dzenia elektroniczne i systemy informatyczne.\",\"potentialAction\":[{\"@type\":\"SearchAction\",\"target\":{\"@type\":\"EntryPoint\",\"urlTemplate\":\"https:\\\/\\\/pulson.pl\\\/en\\\/?s={search_term_string}\"},\"query-input\":{\"@type\":\"PropertyValueSpecification\",\"valueRequired\":true,\"valueName\":\"search_term_string\"}}],\"inLanguage\":\"en-GB\"}]}<\/script>\n<!-- \/ Yoast SEO plugin. -->","yoast_head_json":{"title":"Membership Pricing - Pulson","robots":{"index":"index","follow":"follow","max-snippet":"max-snippet:-1","max-image-preview":"max-image-preview:large","max-video-preview":"max-video-preview:-1"},"canonical":"https:\/\/pulson.pl\/en\/membership-pricing\/","og_locale":"en_GB","og_type":"article","og_title":"Membership Pricing - Pulson","og_url":"https:\/\/pulson.pl\/en\/membership-pricing\/","og_site_name":"Pulson","twitter_card":"summary_large_image","schema":{"@context":"https:\/\/schema.org","@graph":[{"@type":"WebPage","@id":"https:\/\/pulson.pl\/en\/membership-pricing\/","url":"https:\/\/pulson.pl\/en\/membership-pricing\/","name":"Membership Pricing - Pulson","isPartOf":{"@id":"https:\/\/pulson.pl\/en\/#website"},"datePublished":"2026-04-16T05:05:08+00:00","breadcrumb":{"@id":"https:\/\/pulson.pl\/en\/membership-pricing\/#breadcrumb"},"inLanguage":"en-GB","potentialAction":[{"@type":"ReadAction","target":["https:\/\/pulson.pl\/en\/membership-pricing\/"]}]},{"@type":"BreadcrumbList","@id":"https:\/\/pulson.pl\/en\/membership-pricing\/#breadcrumb","itemListElement":[{"@type":"ListItem","position":1,"name":"Strona g\u0142\u00f3wna","item":"https:\/\/pulson.pl\/"},{"@type":"ListItem","position":2,"name":"Membership Pricing"}]},{"@type":"WebSite","@id":"https:\/\/pulson.pl\/en\/#website","url":"https:\/\/pulson.pl\/en\/","name":"Pulson","description":"Firmy Omtech i Pulson stanowi\u0105 silny tandem projektuj\u0105cy i produkuj\u0105cy urz\u0105dzenia elektroniczne i systemy informatyczne.","potentialAction":[{"@type":"SearchAction","target":{"@type":"EntryPoint","urlTemplate":"https:\/\/pulson.pl\/en\/?s={search_term_string}"},"query-input":{"@type":"PropertyValueSpecification","valueRequired":true,"valueName":"search_term_string"}}],"inLanguage":"en-GB"}]}},"_links":{"self":[{"href":"https:\/\/pulson.pl\/en\/wp-json\/wp\/v2\/pages\/11801","targetHints":{"allow":["GET"]}}],"collection":[{"href":"https:\/\/pulson.pl\/en\/wp-json\/wp\/v2\/pages"}],"about":[{"href":"https:\/\/pulson.pl\/en\/wp-json\/wp\/v2\/types\/page"}],"author":[{"embeddable":true,"href":"https:\/\/pulson.pl\/en\/wp-json\/wp\/v2\/users\/1"}],"replies":[{"embeddable":true,"href":"https:\/\/pulson.pl\/en\/wp-json\/wp\/v2\/comments?post=11801"}],"version-history":[{"count":0,"href":"https:\/\/pulson.pl\/en\/wp-json\/wp\/v2\/pages\/11801\/revisions"}],"wp:attachment":[{"href":"https:\/\/pulson.pl\/en\/wp-json\/wp\/v2\/media?parent=11801"}],"curies":[{"name":"wp","href":"https:\/\/api.w.org\/{rel}","templated":true}]}}