{"id":10712,"date":"2025-11-14T09:43:00","date_gmt":"2025-11-14T08:43:00","guid":{"rendered":"https:\/\/pulson.pl\/?post_type=product&#038;p=10712"},"modified":"2025-11-14T12:46:37","modified_gmt":"2025-11-14T11:46:37","slug":"std-4g","status":"publish","type":"product","link":"https:\/\/pulson.pl\/en\/produkt\/std-4g\/","title":{"rendered":"STD-4G"},"content":{"rendered":"<div class=\"box__prodText\">\r\n<strong>Charakterystyka nadajnika STD-4G<\/strong><br>\r\nNadajnik STD-4G \u2013 urz\u0105dzenie przeznaczone do przekazywania sygna\u0142\u00f3w alarmowych oraz sterowania urz\u0105dzeniami zewn\u0119trznymi poprzez transmisj\u0119 danych w technologii 2G\/4G. Umo\u017cliwia komunikacj\u0119 ze stacj\u0105 odbiorcz\u0105 za pomoc\u0105 protoko\u0142\u00f3w PULSON i SIA, z obs\u0142ug\u0105 protoko\u0142u Contact ID.<br><br>\r\nZasilanie: 12V \u00b115%<br>\r\nPob\u00f3r pr\u0105du w stanie gotowo\u015bci: 80 mA<br>\r\nPob\u00f3r pr\u0105du maksymalny: 300 mA<br>\r\nWej\u015bcia: 4 (w tym dedykowane wej\u015bcie AC do kontroli obecno\u015bci napi\u0119cia przemiennego, max. 18V AC 50 Hz)<br>\r\nWyj\u015bcia: 4 typu OC (50 mA \/ 12V DC)<br>\r\nZ\u0142\u0105cze programowania: mini USB (z wykorzystaniem adaptera)<br>\r\nAntena: w zestawie z modu\u0142em 4G<br><br>\r\n<strong>Funkcje dodatkowe:<\/strong>\r\n<ul>\r\n<li>Transmisja danych 2G\/4G<\/li>\r\n<li>Nadawanie do stacji odbiorczej przez SMS, GPRS\/LTE<\/li>\r\n<li>Obs\u0142uga protoko\u0142\u00f3w PULSON (UDP) i SIA (TCP, szyfrowanie, Contact ID)<\/li>\r\n<li>Powiadamianie maks. 10 u\u017cytkownik\u00f3w przez SMS (do 32 znak\u00f3w)<\/li>\r\n<li>Sterowanie wyj\u015bciami przez SMS\/CLIP (maks. 10 u\u017cytkownik\u00f3w)<\/li>\r\n<li>Wbudowany czujnik temperatury<\/li>\r\n<li>Wbudowana pami\u0119\u0107 zdarze\u0144 (65 535 pozycji)<\/li>\r\n<li>Symulacja linii telefonicznej do komunikatora centrali alarmowej<\/li>\r\n<\/ul>\r\n<strong>Zastosowanie:<\/strong>\r\n<ul>\r\n<li>Przekazywanie sygna\u0142\u00f3w alarmowych do centrum monitoringu<\/li>\r\n<li>Wsp\u00f3\u0142praca z centralami alarmowymi przez symulacj\u0119 linii telefonicznej<\/li>\r\n<li>Sterowanie urz\u0105dzeniami zewn\u0119trznymi (np. alarm, o\u015bwietlenie)<\/li>\r\n<li>Zdalne powiadamianie u\u017cytkownik\u00f3w przez SMS\/CLIP<\/li>\r\n<\/ul>\r\n<strong>Transmisja:<\/strong>\r\n<ul>\r\n<li>GPRS\/LTE (TCP\/UDP)<\/li>\r\n<li>SMS jako kana\u0142 zapasowy<\/li>\r\n<li>Obs\u0142uga do 10 u\u017cytkownik\u00f3w<\/li>\r\n<\/ul>\r\n<strong>Powiadomienia:<\/strong>\r\n<ul>\r\n<li>SMS do 10 u\u017cytkownik\u00f3w (32 znaki na wiadomo\u015b\u0107)<\/li>\r\n<li>Potwierdzenie dostarczenia wiadomo\u015bci<\/li>\r\n<\/ul>\r\n<strong>Programowanie:<\/strong>\r\n<ul>\r\n<li>Lokalnie \u2013 port mini USB (adapter wymagany)<\/li>\r\n<li>Zdalna konfiguracja (przez transmisj\u0119 danych)<\/li>\r\n<\/ul>\r\n<\/div>","protected":false},"excerpt":{"rendered":"Charakterystyka nadajnika STD-4G Nadajnik STD-4G \u2013 urz\u0105dzenie przeznaczone do przekazywania sygna\u0142\u00f3w alarmowych oraz sterowania urz\u0105dzeniami zewn\u0119trznymi poprzez transmisj\u0119 danych w technologii 2G\/4G. Umo\u017cliwia komunikacj\u0119 ze stacj\u0105 odbiorcz\u0105 za pomoc\u0105 protoko\u0142\u00f3w PULSON i SIA, z obs\u0142ug\u0105 protoko\u0142u Contact ID. Zasilanie: 12V \u00b115% Pob\u00f3r pr\u0105du w stanie gotowo\u015bci: 80 mA Pob\u00f3r pr\u0105du maksymalny: 300 mA Wej\u015bcia: 4 [&hellip;]","protected":false},"featured_media":10721,"template":"","meta":{"inline_featured_image":false},"product_brand":[],"product_cat":[507,30],"product_tag":[],"class_list":{"0":"post-10712","1":"product","2":"type-product","3":"status-publish","4":"has-post-thumbnail","6":"product_cat-nadajniki-stacjonarne","7":"product_cat-produkty","9":"first","10":"instock","11":"shipping-taxable","12":"product-type-simple"},"_links":{"self":[{"href":"https:\/\/pulson.pl\/en\/wp-json\/wp\/v2\/product\/10712","targetHints":{"allow":["GET"]}}],"collection":[{"href":"https:\/\/pulson.pl\/en\/wp-json\/wp\/v2\/product"}],"about":[{"href":"https:\/\/pulson.pl\/en\/wp-json\/wp\/v2\/types\/product"}],"wp:featuredmedia":[{"embeddable":true,"href":"https:\/\/pulson.pl\/en\/wp-json\/wp\/v2\/media\/10721"}],"wp:attachment":[{"href":"https:\/\/pulson.pl\/en\/wp-json\/wp\/v2\/media?parent=10712"}],"wp:term":[{"taxonomy":"product_brand","embeddable":true,"href":"https:\/\/pulson.pl\/en\/wp-json\/wp\/v2\/product_brand?post=10712"},{"taxonomy":"product_cat","embeddable":true,"href":"https:\/\/pulson.pl\/en\/wp-json\/wp\/v2\/product_cat?post=10712"},{"taxonomy":"product_tag","embeddable":true,"href":"https:\/\/pulson.pl\/en\/wp-json\/wp\/v2\/product_tag?post=10712"}],"curies":[{"name":"wp","href":"https:\/\/api.w.org\/{rel}","templated":true}]}}