{"id":10751,"date":"2025-12-18T11:08:13","date_gmt":"2025-12-18T10:08:13","guid":{"rendered":"https:\/\/pulson.pl\/?post_type=product&#038;p=10751"},"modified":"2026-01-07T09:20:49","modified_gmt":"2026-01-07T08:20:49","slug":"le-840-obd","status":"publish","type":"product","link":"https:\/\/pulson.pl\/en\/produkt\/le-840-obd\/","title":{"rendered":"LE-840 OBD CAN"},"content":{"rendered":"<div class=\"box__prodText\">\r\n<p>Charakterystyka nadajnika LE-840 OBD \u2013 uniwersalny nadajnik do monta\u017cu w\u0142asnego klienta dedykowany telemetrii pojazd\u00f3w osobowych i dostawczych.<\/p>\r\n<p><strong>Homologacja E-toll oraz SENT-GEO<\/strong><\/p>\r\n<p><strong>Zasilanie:<\/strong> +12V (Imin=15mA, Imax=300mA, I\u015br=50mA)<\/p>\r\n<strong>Wej\u015bcia:<\/strong>\r\n<ul>\r\n<li>Uniwersalne z\u0142\u0105cze OBDII\/EOBD do pod\u0142\u0105czenia w pojazdach osobowych i dostawczych \u2013 zapewnia \u0142atwo\u015b\u0107 monta\u017cu oraz odczyt podstawowych danych tematycznych z pojazdu<\/li>\r\n<\/ul>\r\n<strong>Zakres odczytywanych z pojazdu danych (dost\u0119pno\u015b\u0107 zale\u017cy od generacji i producenta pojazdu):<\/strong>\r\n<ul>\r\n<li>VIN (identyfikacja pojazdu \u2013 mo\u017cliwo\u015b\u0107 wykrycia prze\u0142o\u017cenia nadajnika do innego pojazdu)<\/li>\r\n<li>Poziom paliwa*<\/li>\r\n<li>Pr\u0119dko\u015b\u0107 jazdy<\/li>\r\n<li>Obroty silnika<\/li>\r\n<li>Spalanie*<\/li>\r\n<li>Temperatura silnika*<\/li>\r\n<li>Wbudowana pami\u0119\u0107 danych o zdarzeniach i po\u0142o\u017ceniu (30 000 pozycji)<\/li>\r\n<li>Wbudowany akumulator: 3.7V, 320mAh (do 7h monitorowania po od\u0142\u0105czeniu\/zaniku zasilania z\u0142\u0105cza OBDII)<\/li>\r\n<li>Wbudowane anteny: GSM\/4G LTE, GPS\/GLONASS<\/li>\r\n<\/ul>\r\n<p>Mo\u017cliwo\u015b\u0107 zdalnej konfiguracji urz\u0105dzenia (transmisja danych lub SMS) oraz zdalnej aktualizacji oprogramowania wewn\u0119trznego sterownika.<\/p>\r\n<p><strong>Wbudowany akcelerometr:<\/strong> Detekcja ruchu w celu wiernego odwzorowania trasy.<\/p>\r\n<strong>*dane dost\u0119pne w niekt\u00f3rych pojazdach.<\/strong>\r\n<\/div>","protected":false},"excerpt":{"rendered":"Charakterystyka nadajnika LE-840 OBD \u2013 uniwersalny nadajnik do monta\u017cu w\u0142asnego klienta dedykowany telemetrii pojazd\u00f3w osobowych i dostawczych. Homologacja E-toll oraz SENT-GEO Zasilanie: +12V (Imin=15mA, Imax=300mA, I\u015br=50mA) Wej\u015bcia: Uniwersalne z\u0142\u0105cze OBDII\/EOBD do pod\u0142\u0105czenia w pojazdach osobowych i dostawczych \u2013 zapewnia \u0142atwo\u015b\u0107 monta\u017cu oraz odczyt podstawowych danych tematycznych z pojazdu Zakres odczytywanych z pojazdu danych (dost\u0119pno\u015b\u0107 zale\u017cy [&hellip;]","protected":false},"featured_media":10752,"template":"","meta":{"inline_featured_image":false},"product_brand":[],"product_cat":[32,30],"product_tag":[],"class_list":{"0":"post-10751","1":"product","2":"type-product","3":"status-publish","4":"has-post-thumbnail","6":"product_cat-bez-kategorii","7":"product_cat-produkty","9":"first","10":"instock","11":"shipping-taxable","12":"product-type-simple"},"_links":{"self":[{"href":"https:\/\/pulson.pl\/en\/wp-json\/wp\/v2\/product\/10751","targetHints":{"allow":["GET"]}}],"collection":[{"href":"https:\/\/pulson.pl\/en\/wp-json\/wp\/v2\/product"}],"about":[{"href":"https:\/\/pulson.pl\/en\/wp-json\/wp\/v2\/types\/product"}],"wp:featuredmedia":[{"embeddable":true,"href":"https:\/\/pulson.pl\/en\/wp-json\/wp\/v2\/media\/10752"}],"wp:attachment":[{"href":"https:\/\/pulson.pl\/en\/wp-json\/wp\/v2\/media?parent=10751"}],"wp:term":[{"taxonomy":"product_brand","embeddable":true,"href":"https:\/\/pulson.pl\/en\/wp-json\/wp\/v2\/product_brand?post=10751"},{"taxonomy":"product_cat","embeddable":true,"href":"https:\/\/pulson.pl\/en\/wp-json\/wp\/v2\/product_cat?post=10751"},{"taxonomy":"product_tag","embeddable":true,"href":"https:\/\/pulson.pl\/en\/wp-json\/wp\/v2\/product_tag?post=10751"}],"curies":[{"name":"wp","href":"https:\/\/api.w.org\/{rel}","templated":true}]}}