{"id":6322,"date":"2025-03-10T14:42:20","date_gmt":"2025-03-10T13:42:20","guid":{"rendered":"https:\/\/pulson.pl\/?post_type=product&#038;p=6322"},"modified":"2025-10-13T09:49:19","modified_gmt":"2025-10-13T07:49:19","slug":"lh-230m","status":"publish","type":"product","link":"https:\/\/pulson.pl\/en\/produkt\/lh-230m\/","title":{"rendered":"LH-230M"},"content":{"rendered":"<div class=\"box__prodText\">\r\n\r\n<strong>Charakterystyka nadajnika LH-230 &#8211; bateryjny lokalizator z czujnikiem demonta\u017cu i otwarcia o przed\u0142u\u017conym czasie dzia\u0142ania do monta\u017cu zewn\u0119trznego.<\/strong>\r\n\r\n<strong>Obudowa:<\/strong> Wytrzyma\u0142a obudowa odporna na warunki atmosferyczne z IP68\r\n\r\n<strong>Zasilanie:<\/strong> Wbudowana bateria (144Wh)\r\n\r\n<strong>Internal data memory<\/strong> o zdarzeniach i po\u0142o\u017ceniu (30 000 pozycji)\r\n\r\n<strong>Wbudowana antena<\/strong> GSM\/4G LTE,GPS\/GLONASS\r\n\r\n<strong>Z\u0142\u0105cze programowania:<\/strong> Internal USB mini (manufacturer\u2019s converter required)\r\n\r\n<strong>Mo\u017cliwo\u015b\u0107 zdalnej konfiguracji urz\u0105dzenia<\/strong> (transmisja danych lub SMS) oraz zdalnej aktualizacji oprogramowania wewn\u0119trznego sterownika\r\n\r\n<strong>Technologia:<\/strong> GSM, GPRS, LTE(4G), GNSS (GPS, GLONASS), LBS (triangulacja BTS)\r\n\r\n<strong>Temperaturowy zakres pracy:<\/strong> -30\u00b0C do +85\u00b0C\r\n\r\n<strong>Wymiary:<\/strong> 140 mm \u00d7 85 mm \u00d7 56 mm\r\n\r\n<strong>Klasa szczelno\u015bci obudowy:<\/strong> IP68\r\n\r\n<strong>Masa:<\/strong> 900g\r\n\r\n<strong>Czujniki:<\/strong> demonta\u017cu (oderwania od metalowej powierzchni), otwarcia obudowy, poziomu baterii\r\n\r\n<strong>Mocowanie:<\/strong> 4 magnesy o sile trzymania 20 kg ka\u017cdy\r\n\r\n<strong>Typ karty SIM:<\/strong> Nano (4FF)\r\n\r\n<\/div>","protected":false},"excerpt":{"rendered":"Charakterystyka nadajnika LH-230 &#8211; bateryjny lokalizator z czujnikiem demonta\u017cu i otwarcia o przed\u0142u\u017conym czasie dzia\u0142ania do monta\u017cu zewn\u0119trznego. Obudowa: Wytrzyma\u0142a obudowa odporna na warunki atmosferyczne z IP68 Zasilanie: Wbudowana bateria (144Wh) Wbudowana pami\u0119\u0107 danych o zdarzeniach i po\u0142o\u017ceniu (30 000 pozycji) Wbudowana antena GSM\/4G LTE,GPS\/GLONASS Z\u0142\u0105cze programowania: Wewn\u0119trzne USB mini (konieczny konwerter producenta) Mo\u017cliwo\u015b\u0107 zdalnej [&hellip;]","protected":false},"featured_media":6704,"template":"","meta":{"inline_featured_image":false},"product_brand":[],"product_cat":[30],"product_tag":[],"class_list":{"0":"post-6322","1":"product","2":"type-product","3":"status-publish","4":"has-post-thumbnail","6":"product_cat-produkty","8":"first","9":"instock","10":"shipping-taxable","11":"product-type-simple"},"_links":{"self":[{"href":"https:\/\/pulson.pl\/en\/wp-json\/wp\/v2\/product\/6322","targetHints":{"allow":["GET"]}}],"collection":[{"href":"https:\/\/pulson.pl\/en\/wp-json\/wp\/v2\/product"}],"about":[{"href":"https:\/\/pulson.pl\/en\/wp-json\/wp\/v2\/types\/product"}],"wp:featuredmedia":[{"embeddable":true,"href":"https:\/\/pulson.pl\/en\/wp-json\/wp\/v2\/media\/6704"}],"wp:attachment":[{"href":"https:\/\/pulson.pl\/en\/wp-json\/wp\/v2\/media?parent=6322"}],"wp:term":[{"taxonomy":"product_brand","embeddable":true,"href":"https:\/\/pulson.pl\/en\/wp-json\/wp\/v2\/product_brand?post=6322"},{"taxonomy":"product_cat","embeddable":true,"href":"https:\/\/pulson.pl\/en\/wp-json\/wp\/v2\/product_cat?post=6322"},{"taxonomy":"product_tag","embeddable":true,"href":"https:\/\/pulson.pl\/en\/wp-json\/wp\/v2\/product_tag?post=6322"}],"curies":[{"name":"wp","href":"https:\/\/api.w.org\/{rel}","templated":true}]}}