{"id":6326,"date":"2025-03-10T14:42:21","date_gmt":"2025-03-10T13:42:21","guid":{"rendered":"https:\/\/pulson.pl\/?post_type=product&#038;p=6326"},"modified":"2025-09-23T13:08:56","modified_gmt":"2025-09-23T11:08:56","slug":"le-880","status":"publish","type":"product","link":"https:\/\/pulson.pl\/en\/produkt\/le-880\/","title":{"rendered":"LE-880"},"content":{"rendered":"<div class=\"box__prodText\">\r\n\r\n<strong>Charakterystyka nadajnika LE-880 &#8211; nadajnik dedykowany do carsharingu pozwalaj\u0105cy zaawansowan\u0105 telemetri\u0119 oraz sterowanie centralnym zamkiem wybranych pojazd\u00f3w* wyposa\u017cony w z zewn\u0119trzn\u0105 antena GPS.<\/strong>\r\n\r\n<strong>Homologacja E-toll oraz SENT-GEO<\/strong>\r\n\r\n<strong>Zasilanie:<\/strong> +12V\/+24V, (Imin=15mA, Imax=300mA, I\u015br=50mA)\r\n\r\n<strong>Wej\u015bcia:<\/strong>\r\n<ul>\r\n \t<li style=\"list-style-type: none\">\r\n<ul>\r\n \t<li>2 CAN (drugi steruj\u0105cy)<\/li>\r\n \t<li>1 wej\u015bcie uniwersalne \u201esterowane mas\u0105\u201d \/ wej\u015bcie analogowe (zakres 0-30VDC)<\/li>\r\n \t<li>1 wej\u015bcie interfejsu 1-Wire\/RFID (identyfikacja kierowcy\/czujniki)<\/li>\r\n \t<li>Power input with voltage measurement<\/li>\r\n \t<li>Zap\u0142onu &#8211; zmienia tryb pracy urz\u0105dzenia<\/li>\r\n<\/ul>\r\n<\/li>\r\n<\/ul>\r\n<strong>Internal data memory<\/strong> o zdarzeniach i po\u0142o\u017ceniu (30 000 pozycji)\r\n\r\n<strong>Wbudowany akumulator:<\/strong> 3.7V, 320mAh\r\n\r\n<strong>Wbudowana antena<\/strong> GSM\/4G LTE\r\n\r\n<strong>Zewn\u0119trzna antena<\/strong> GPS\/GLONASS (SMA)\r\n\r\n<strong>Z\u0142\u0105cze programowania:<\/strong> Micro USB (konieczny konwerter producenta)\r\n\r\n3x <strong>Uniwersalne wyj\u015bcie steruj\u0105ce<\/strong>\r\n\r\n<strong>Mo\u017cliwo\u015b\u0107 zdalnej konfiguracji urz\u0105dzenia<\/strong> (transmisja danych lub SMS) oraz zdalnej aktualizacji oprogramowania wewn\u0119trznego sterownika.\r\n\r\n<strong>Wbudowany akcelerometr:<\/strong> Detekcja ruchu, wykrycie kolizji, podniesienie\/holowanie\u00a0 i przeci\u0105\u017ce\u0144 (ECO Driving)\r\n\r\n<strong>Systemowa ochrona akumulatora pojazdu<\/strong> (automatyczne od\u0142\u0105czenie nadajnika przy niskim napi\u0119ciu akumulatora)\r\n\r\n<\/div>","protected":false},"excerpt":{"rendered":"Charakterystyka nadajnika LE-880 &#8211; nadajnik dedykowany do carsharingu pozwalaj\u0105cy zaawansowan\u0105 telemetri\u0119 oraz sterowanie centralnym zamkiem wybranych pojazd\u00f3w* wyposa\u017cony w z zewn\u0119trzn\u0105 antena GPS. Homologacja E-toll oraz SENT-GEO Zasilanie: +12V\/+24V, (Imin=15mA, Imax=300mA, I\u015br=50mA) Wej\u015bcia: 2 CAN (drugi steruj\u0105cy) 1 wej\u015bcie uniwersalne \u201esterowane mas\u0105\u201d \/ wej\u015bcie analogowe (zakres 0-30VDC) 1 wej\u015bcie interfejsu 1-Wire\/RFID (identyfikacja kierowcy\/czujniki) Zasilanie z [&hellip;]","protected":false},"featured_media":6750,"template":"","meta":{"inline_featured_image":false},"product_brand":[],"product_cat":[30],"product_tag":[],"class_list":{"0":"post-6326","1":"product","2":"type-product","3":"status-publish","4":"has-post-thumbnail","6":"product_cat-produkty","8":"first","9":"instock","10":"shipping-taxable","11":"product-type-simple"},"_links":{"self":[{"href":"https:\/\/pulson.pl\/en\/wp-json\/wp\/v2\/product\/6326","targetHints":{"allow":["GET"]}}],"collection":[{"href":"https:\/\/pulson.pl\/en\/wp-json\/wp\/v2\/product"}],"about":[{"href":"https:\/\/pulson.pl\/en\/wp-json\/wp\/v2\/types\/product"}],"wp:featuredmedia":[{"embeddable":true,"href":"https:\/\/pulson.pl\/en\/wp-json\/wp\/v2\/media\/6750"}],"wp:attachment":[{"href":"https:\/\/pulson.pl\/en\/wp-json\/wp\/v2\/media?parent=6326"}],"wp:term":[{"taxonomy":"product_brand","embeddable":true,"href":"https:\/\/pulson.pl\/en\/wp-json\/wp\/v2\/product_brand?post=6326"},{"taxonomy":"product_cat","embeddable":true,"href":"https:\/\/pulson.pl\/en\/wp-json\/wp\/v2\/product_cat?post=6326"},{"taxonomy":"product_tag","embeddable":true,"href":"https:\/\/pulson.pl\/en\/wp-json\/wp\/v2\/product_tag?post=6326"}],"curies":[{"name":"wp","href":"https:\/\/api.w.org\/{rel}","templated":true}]}}