{"id":6328,"date":"2025-03-10T14:42:21","date_gmt":"2025-03-10T13:42:21","guid":{"rendered":"https:\/\/pulson.pl\/?post_type=product&#038;p=6328"},"modified":"2026-03-25T10:57:40","modified_gmt":"2026-03-25T09:57:40","slug":"le-820","status":"publish","type":"product","link":"https:\/\/pulson.pl\/en\/produkt\/le-820\/","title":{"rendered":"LE-820"},"content":{"rendered":"[et_pb_section admin_label=&#8221;section&#8221;]\n\t\t[et_pb_row admin_label=&#8221;row&#8221;]\n\t\t\t[et_pb_column type=&#8221;4_4&#8243;]\n\t\t\t\t[et_pb_text admin_label=&#8221;Text&#8221;]\n\t\t\t\t\t<div class=\"box__prodText\">\r\n\r\n<strong>Charakterystyka nadajnika LE-820 &#8211; uniwersalny nadajnik dedykowany lokalizacji pojazd\u00f3w i maszyn roboczych z zewn\u0119trzn\u0105 antena GPS.<\/strong>\r\n\r\n<strong>Homologacja E-toll oraz SENT-GEO<\/strong>\r\n\r\n<strong>Zasilanie:<\/strong> +12V\/+24V, (Imin=15mA, Imax=300mA, I\u015br=50mA)\r\n\r\n<strong>Wej\u015bcia:<\/strong>\r\n<ul>\r\n \t<li style=\"list-style-type: none\">\r\n<ul>\r\n \t<li>1 wej\u015bcie uniwersalne \u201esterowane mas\u0105\u201d \/ wej\u015bcie analogowe (zakres 0-30VDC)<\/li>\r\n \t<li>1 wej\u015bcie interfejsu 1-Wire\/RFID (identyfikacja kierowcy\/czujniki)<\/li>\r\n \t<li>Zasilanie z pomiarem napi\u0119cia<\/li>\r\n \t<li>Zap\u0142onu &#8211; zmienia tryb pracy urz\u0105dzenia<\/li>\r\n<\/ul>\r\n<\/li>\r\n<\/ul>\r\n<strong>Wbudowana pami\u0119\u0107 danych<\/strong> o zdarzeniach i po\u0142o\u017ceniu (30 000 pozycji)\r\n\r\n<strong>Wbudowany akumulator:<\/strong> 3.7V, 320mAh\r\n\r\n<strong>Wbudowana antena<\/strong> GSM\/4G LTE\r\n\r\n<strong>Zewn\u0119trzna antena<\/strong> GPS\/GLONASS (SMA)\r\n\r\n<strong>Z\u0142\u0105cze programowania:<\/strong> Micro USB (konieczny konwerter producenta)\r\n\r\n<strong>1 x Uniwersalne wyj\u015bcie steruj\u0105ce<\/strong> (UWAGA: Nie nale\u017cy stosowa\u0107 bezpo\u015brednio do odcinania obwodu zap\u0142onu pojazdu)\r\n\r\n<strong>Mo\u017cliwo\u015b\u0107 zdalnej konfiguracji urz\u0105dzenia<\/strong> (transmisja danych lub SMS) oraz zdalnej aktualizacji oprogramowania wewn\u0119trznego sterownika\r\n\r\n<strong>Wbudowany akcelerometr:<\/strong> Detekcja ruchu, wykrycie kolizji, podniesienie\/holowanie\u00a0 i przeci\u0105\u017ce\u0144\r\n\r\n<strong>Systemowa ochrona akumulatora pojazdu:<\/strong> Automatyczne od\u0142\u0105czenie nadajnika przy niskim napi\u0119ciu akumulatora\r\n\r\n<\/div>\n\t\t\t\t[\/et_pb_text]\n\t\t\t[\/et_pb_column]\n\t\t[\/et_pb_row]\n\t[\/et_pb_section]","protected":false},"excerpt":{"rendered":"[et_pb_section admin_label=&#8221;section&#8221;] [et_pb_row admin_label=&#8221;row&#8221;] [et_pb_column type=&#8221;4_4&#8243;] [et_pb_text admin_label=&#8221;Text&#8221;] Charakterystyka nadajnika LE-820 &#8211; uniwersalny nadajnik dedykowany lokalizacji pojazd\u00f3w i maszyn roboczych z zewn\u0119trzn\u0105 antena GPS. Homologacja E-toll oraz SENT-GEO Zasilanie: +12V\/+24V, (Imin=15mA, Imax=300mA, I\u015br=50mA) Wej\u015bcia: 1 wej\u015bcie uniwersalne \u201esterowane mas\u0105\u201d \/ wej\u015bcie analogowe (zakres 0-30VDC) 1 wej\u015bcie interfejsu 1-Wire\/RFID (identyfikacja kierowcy\/czujniki) Zasilanie z pomiarem napi\u0119cia Zap\u0142onu [&hellip;]","protected":false},"featured_media":6766,"template":"","meta":{"inline_featured_image":false},"product_brand":[],"product_cat":[30],"product_tag":[],"class_list":{"0":"post-6328","1":"product","2":"type-product","3":"status-publish","4":"has-post-thumbnail","6":"product_cat-produkty","8":"first","9":"instock","10":"shipping-taxable","11":"product-type-simple"},"yoast_head":"<!-- This site is optimized with the Yoast SEO plugin v27.5 - https:\/\/yoast.com\/product\/yoast-seo-wordpress\/ -->\n<title>LE-820 - Pulson<\/title>\n<meta name=\"robots\" content=\"index, follow, max-snippet:-1, max-image-preview:large, max-video-preview:-1\" \/>\n<link rel=\"canonical\" href=\"https:\/\/pulson.pl\/en\/produkt\/le-820\/\" \/>\n<meta property=\"og:locale\" content=\"en_GB\" \/>\n<meta property=\"og:type\" content=\"article\" \/>\n<meta property=\"og:title\" content=\"LE-820 - Pulson\" \/>\n<meta property=\"og:description\" content=\"[et_pb_section admin_label=&#8221;section&#8221;] [et_pb_row admin_label=&#8221;row&#8221;] [et_pb_column type=&#8221;4_4&#8243;] [et_pb_text admin_label=&#8221;Text&#8221;] Charakterystyka nadajnika LE-820 &#8211; uniwersalny nadajnik dedykowany lokalizacji pojazd\u00f3w i maszyn roboczych z zewn\u0119trzn\u0105 antena GPS. Homologacja E-toll oraz SENT-GEO Zasilanie: +12V\/+24V, (Imin=15mA, Imax=300mA, I\u015br=50mA) Wej\u015bcia: 1 wej\u015bcie uniwersalne \u201esterowane mas\u0105\u201d \/ wej\u015bcie analogowe (zakres 0-30VDC) 1 wej\u015bcie interfejsu 1-Wire\/RFID (identyfikacja kierowcy\/czujniki) Zasilanie z pomiarem napi\u0119cia Zap\u0142onu [&hellip;]\" \/>\n<meta property=\"og:url\" content=\"https:\/\/pulson.pl\/en\/produkt\/le-820\/\" \/>\n<meta property=\"og:site_name\" content=\"Pulson\" \/>\n<meta property=\"article:modified_time\" content=\"2026-03-25T09:57:40+00:00\" \/>\n<meta property=\"og:image\" content=\"https:\/\/pulson.pl\/wp-content\/uploads\/2025\/04\/LE-820_3-1.jpg\" \/>\n\t<meta property=\"og:image:width\" content=\"2000\" \/>\n\t<meta property=\"og:image:height\" content=\"2000\" \/>\n\t<meta property=\"og:image:type\" content=\"image\/jpeg\" \/>\n<meta name=\"twitter:card\" content=\"summary_large_image\" \/>\n<meta name=\"twitter:label1\" content=\"Estimated reading time\" \/>\n\t<meta name=\"twitter:data1\" content=\"1 minute\" \/>\n<script type=\"application\/ld+json\" class=\"yoast-schema-graph\">{\"@context\":\"https:\\\/\\\/schema.org\",\"@graph\":[{\"@type\":\"WebPage\",\"@id\":\"https:\\\/\\\/pulson.pl\\\/en\\\/produkt\\\/le-820\\\/\",\"url\":\"https:\\\/\\\/pulson.pl\\\/en\\\/produkt\\\/le-820\\\/\",\"name\":\"LE-820 - Pulson\",\"isPartOf\":{\"@id\":\"https:\\\/\\\/pulson.pl\\\/en\\\/#website\"},\"primaryImageOfPage\":{\"@id\":\"https:\\\/\\\/pulson.pl\\\/en\\\/produkt\\\/le-820\\\/#primaryimage\"},\"image\":{\"@id\":\"https:\\\/\\\/pulson.pl\\\/en\\\/produkt\\\/le-820\\\/#primaryimage\"},\"thumbnailUrl\":\"https:\\\/\\\/pulson.pl\\\/wp-content\\\/uploads\\\/2025\\\/04\\\/LE-820_3-1.jpg\",\"datePublished\":\"2025-03-10T13:42:21+00:00\",\"dateModified\":\"2026-03-25T09:57:40+00:00\",\"breadcrumb\":{\"@id\":\"https:\\\/\\\/pulson.pl\\\/en\\\/produkt\\\/le-820\\\/#breadcrumb\"},\"inLanguage\":\"en-GB\",\"potentialAction\":[{\"@type\":\"ReadAction\",\"target\":[\"https:\\\/\\\/pulson.pl\\\/en\\\/produkt\\\/le-820\\\/\"]}]},{\"@type\":\"ImageObject\",\"inLanguage\":\"en-GB\",\"@id\":\"https:\\\/\\\/pulson.pl\\\/en\\\/produkt\\\/le-820\\\/#primaryimage\",\"url\":\"https:\\\/\\\/pulson.pl\\\/wp-content\\\/uploads\\\/2025\\\/04\\\/LE-820_3-1.jpg\",\"contentUrl\":\"https:\\\/\\\/pulson.pl\\\/wp-content\\\/uploads\\\/2025\\\/04\\\/LE-820_3-1.jpg\",\"width\":2000,\"height\":2000},{\"@type\":\"BreadcrumbList\",\"@id\":\"https:\\\/\\\/pulson.pl\\\/en\\\/produkt\\\/le-820\\\/#breadcrumb\",\"itemListElement\":[{\"@type\":\"ListItem\",\"position\":1,\"name\":\"Strona g\u0142\u00f3wna\",\"item\":\"https:\\\/\\\/pulson.pl\\\/\"},{\"@type\":\"ListItem\",\"position\":2,\"name\":\"Sklep\",\"item\":\"https:\\\/\\\/pulson.pl\\\/sklep\\\/\"},{\"@type\":\"ListItem\",\"position\":3,\"name\":\"LE-820\"}]},{\"@type\":\"WebSite\",\"@id\":\"https:\\\/\\\/pulson.pl\\\/en\\\/#website\",\"url\":\"https:\\\/\\\/pulson.pl\\\/en\\\/\",\"name\":\"Pulson\",\"description\":\"Firmy Omtech i Pulson stanowi\u0105 silny tandem projektuj\u0105cy i produkuj\u0105cy urz\u0105dzenia elektroniczne i systemy informatyczne.\",\"potentialAction\":[{\"@type\":\"SearchAction\",\"target\":{\"@type\":\"EntryPoint\",\"urlTemplate\":\"https:\\\/\\\/pulson.pl\\\/en\\\/?s={search_term_string}\"},\"query-input\":{\"@type\":\"PropertyValueSpecification\",\"valueRequired\":true,\"valueName\":\"search_term_string\"}}],\"inLanguage\":\"en-GB\"}]}<\/script>\n<!-- \/ Yoast SEO plugin. -->","yoast_head_json":{"title":"LE-820 - Pulson","robots":{"index":"index","follow":"follow","max-snippet":"max-snippet:-1","max-image-preview":"max-image-preview:large","max-video-preview":"max-video-preview:-1"},"canonical":"https:\/\/pulson.pl\/en\/produkt\/le-820\/","og_locale":"en_GB","og_type":"article","og_title":"LE-820 - Pulson","og_description":"[et_pb_section admin_label=&#8221;section&#8221;] [et_pb_row admin_label=&#8221;row&#8221;] [et_pb_column type=&#8221;4_4&#8243;] [et_pb_text admin_label=&#8221;Text&#8221;] Charakterystyka nadajnika LE-820 &#8211; uniwersalny nadajnik dedykowany lokalizacji pojazd\u00f3w i maszyn roboczych z zewn\u0119trzn\u0105 antena GPS. Homologacja E-toll oraz SENT-GEO Zasilanie: +12V\/+24V, (Imin=15mA, Imax=300mA, I\u015br=50mA) Wej\u015bcia: 1 wej\u015bcie uniwersalne \u201esterowane mas\u0105\u201d \/ wej\u015bcie analogowe (zakres 0-30VDC) 1 wej\u015bcie interfejsu 1-Wire\/RFID (identyfikacja kierowcy\/czujniki) Zasilanie z pomiarem napi\u0119cia Zap\u0142onu [&hellip;]","og_url":"https:\/\/pulson.pl\/en\/produkt\/le-820\/","og_site_name":"Pulson","article_modified_time":"2026-03-25T09:57:40+00:00","og_image":[{"width":2000,"height":2000,"url":"https:\/\/pulson.pl\/wp-content\/uploads\/2025\/04\/LE-820_3-1.jpg","type":"image\/jpeg"}],"twitter_card":"summary_large_image","twitter_misc":{"Estimated reading time":"1 minute"},"schema":{"@context":"https:\/\/schema.org","@graph":[{"@type":"WebPage","@id":"https:\/\/pulson.pl\/en\/produkt\/le-820\/","url":"https:\/\/pulson.pl\/en\/produkt\/le-820\/","name":"LE-820 - Pulson","isPartOf":{"@id":"https:\/\/pulson.pl\/en\/#website"},"primaryImageOfPage":{"@id":"https:\/\/pulson.pl\/en\/produkt\/le-820\/#primaryimage"},"image":{"@id":"https:\/\/pulson.pl\/en\/produkt\/le-820\/#primaryimage"},"thumbnailUrl":"https:\/\/pulson.pl\/wp-content\/uploads\/2025\/04\/LE-820_3-1.jpg","datePublished":"2025-03-10T13:42:21+00:00","dateModified":"2026-03-25T09:57:40+00:00","breadcrumb":{"@id":"https:\/\/pulson.pl\/en\/produkt\/le-820\/#breadcrumb"},"inLanguage":"en-GB","potentialAction":[{"@type":"ReadAction","target":["https:\/\/pulson.pl\/en\/produkt\/le-820\/"]}]},{"@type":"ImageObject","inLanguage":"en-GB","@id":"https:\/\/pulson.pl\/en\/produkt\/le-820\/#primaryimage","url":"https:\/\/pulson.pl\/wp-content\/uploads\/2025\/04\/LE-820_3-1.jpg","contentUrl":"https:\/\/pulson.pl\/wp-content\/uploads\/2025\/04\/LE-820_3-1.jpg","width":2000,"height":2000},{"@type":"BreadcrumbList","@id":"https:\/\/pulson.pl\/en\/produkt\/le-820\/#breadcrumb","itemListElement":[{"@type":"ListItem","position":1,"name":"Strona g\u0142\u00f3wna","item":"https:\/\/pulson.pl\/"},{"@type":"ListItem","position":2,"name":"Sklep","item":"https:\/\/pulson.pl\/sklep\/"},{"@type":"ListItem","position":3,"name":"LE-820"}]},{"@type":"WebSite","@id":"https:\/\/pulson.pl\/en\/#website","url":"https:\/\/pulson.pl\/en\/","name":"Pulson","description":"Firmy Omtech i Pulson stanowi\u0105 silny tandem projektuj\u0105cy i produkuj\u0105cy urz\u0105dzenia elektroniczne i systemy informatyczne.","potentialAction":[{"@type":"SearchAction","target":{"@type":"EntryPoint","urlTemplate":"https:\/\/pulson.pl\/en\/?s={search_term_string}"},"query-input":{"@type":"PropertyValueSpecification","valueRequired":true,"valueName":"search_term_string"}}],"inLanguage":"en-GB"}]}},"_links":{"self":[{"href":"https:\/\/pulson.pl\/en\/wp-json\/wp\/v2\/product\/6328","targetHints":{"allow":["GET"]}}],"collection":[{"href":"https:\/\/pulson.pl\/en\/wp-json\/wp\/v2\/product"}],"about":[{"href":"https:\/\/pulson.pl\/en\/wp-json\/wp\/v2\/types\/product"}],"wp:featuredmedia":[{"embeddable":true,"href":"https:\/\/pulson.pl\/en\/wp-json\/wp\/v2\/media\/6766"}],"wp:attachment":[{"href":"https:\/\/pulson.pl\/en\/wp-json\/wp\/v2\/media?parent=6328"}],"wp:term":[{"taxonomy":"product_brand","embeddable":true,"href":"https:\/\/pulson.pl\/en\/wp-json\/wp\/v2\/product_brand?post=6328"},{"taxonomy":"product_cat","embeddable":true,"href":"https:\/\/pulson.pl\/en\/wp-json\/wp\/v2\/product_cat?post=6328"},{"taxonomy":"product_tag","embeddable":true,"href":"https:\/\/pulson.pl\/en\/wp-json\/wp\/v2\/product_tag?post=6328"}],"curies":[{"name":"wp","href":"https:\/\/api.w.org\/{rel}","templated":true}]}}