{"id":6987,"date":"2025-05-12T08:32:55","date_gmt":"2025-05-12T06:32:55","guid":{"rendered":"https:\/\/pulson.pl\/?post_type=product&#038;p=6987"},"modified":"2025-10-13T09:48:30","modified_gmt":"2025-10-13T07:48:30","slug":"le-910-obd","status":"publish","type":"product","link":"https:\/\/pulson.pl\/en\/produkt\/le-910-obd\/","title":{"rendered":"LE-910 OBD"},"content":{"rendered":"<div class=\"box__prodText\">\r\n<div class=\"icon__desc\"><\/div>\r\n<b>Charakterystyka nadajnika LE-910 OBD &#8211; \u0142atwy w samodzielnym monta\u017cu lokalizator z obs\u0142ug\u0105 E-TOLL oraz czujnik\u00f3w Beacon (BLE) i wbudowan\u0105 anten\u0105 GPS<\/b>\r\n\r\n<b>Power supply<\/b>: +12V\/+24V, (Imin=15mA, Imax=300mA, I\u015br=40mA)\r\n\r\n<b>Inputs<\/b>:\r\n<ul>\r\n \t<li>Zasilanie z pomiarem napi\u0119cia ze z\u0142\u0105cza OBD<\/li>\r\n \t<li>Interface BLE (do 6 czujnik\u00f3w Beacon)<\/li>\r\n<\/ul>\r\n<b>Internal data memory<\/b> o zdarzeniach i po\u0142o\u017ceniu (30 000 pozycji)\r\n\r\n<b>Wbudowany akumulator awaryjny<\/b> (3.7V, 320 mAh)\r\n\r\n<b>Wbudowana antena GSM\/4G LTE<\/b>\r\n\r\n<b><\/b> <b>Wbudowana antena GPS\/GLONASS<\/b>\r\n\r\n<b>Programming interface<\/b> \u2013 Micro USB (konieczny konwerter producenta)\r\n\r\n<b>Mo\u017cliwo\u015b\u0107 zdalnej konfiguracji urz\u0105dzenia<\/b> (transmisja danych lub SMS) oraz zdalnej aktualizacji oprogramowania wewn\u0119trznego sterownika.\r\n\r\n<b>Built-in accelerometer<\/b> (detekcja ruchu, zmiany nachylenia i przeci\u0105\u017ce\u0144)\r\n\r\n<\/div>","protected":false},"excerpt":{"rendered":"Charakterystyka nadajnika LE-910 OBD &#8211; \u0142atwy w samodzielnym monta\u017cu lokalizator z obs\u0142ug\u0105 E-TOLL oraz czujnik\u00f3w Beacon (BLE) i wbudowan\u0105 anten\u0105 GPS Zasilanie: +12V\/+24V, (Imin=15mA, Imax=300mA, I\u015br=40mA) Wej\u015bcia: Zasilanie z pomiarem napi\u0119cia ze z\u0142\u0105cza OBD Interface BLE (do 6 czujnik\u00f3w Beacon) Wbudowana pami\u0119\u0107 danych o zdarzeniach i po\u0142o\u017ceniu (30 000 pozycji) Wbudowany akumulator awaryjny (3.7V, 320 [&hellip;]","protected":false},"featured_media":6988,"template":"","meta":{"inline_featured_image":false},"product_brand":[],"product_cat":[30],"product_tag":[],"class_list":{"0":"post-6987","1":"product","2":"type-product","3":"status-publish","4":"has-post-thumbnail","6":"product_cat-produkty","8":"first","9":"instock","10":"shipping-taxable","11":"product-type-simple"},"_links":{"self":[{"href":"https:\/\/pulson.pl\/en\/wp-json\/wp\/v2\/product\/6987","targetHints":{"allow":["GET"]}}],"collection":[{"href":"https:\/\/pulson.pl\/en\/wp-json\/wp\/v2\/product"}],"about":[{"href":"https:\/\/pulson.pl\/en\/wp-json\/wp\/v2\/types\/product"}],"wp:featuredmedia":[{"embeddable":true,"href":"https:\/\/pulson.pl\/en\/wp-json\/wp\/v2\/media\/6988"}],"wp:attachment":[{"href":"https:\/\/pulson.pl\/en\/wp-json\/wp\/v2\/media?parent=6987"}],"wp:term":[{"taxonomy":"product_brand","embeddable":true,"href":"https:\/\/pulson.pl\/en\/wp-json\/wp\/v2\/product_brand?post=6987"},{"taxonomy":"product_cat","embeddable":true,"href":"https:\/\/pulson.pl\/en\/wp-json\/wp\/v2\/product_cat?post=6987"},{"taxonomy":"product_tag","embeddable":true,"href":"https:\/\/pulson.pl\/en\/wp-json\/wp\/v2\/product_tag?post=6987"}],"curies":[{"name":"wp","href":"https:\/\/api.w.org\/{rel}","templated":true}]}}