{"id":7622,"date":"2025-06-25T14:08:53","date_gmt":"2025-06-25T12:08:53","guid":{"rendered":"https:\/\/pulson.pl\/?post_type=product&#038;p=7622"},"modified":"2025-07-15T14:39:28","modified_gmt":"2025-07-15T12:39:28","slug":"le-820j","status":"publish","type":"product","link":"https:\/\/pulson.pl\/en\/produkt\/le-820j\/","title":{"rendered":"LE-820J"},"content":{"rendered":"<div class=\"box__prodText\">\r\n<div class=\"icon__desc\"><\/div>\r\n<strong>Charakterystyka nadajnika LE-820J &#8211; nadajnik dedykowany lokalizacji jacht\u00f3w z zewnetrzn\u0105 antena GPS<\/strong>\r\n\r\n<strong>Zasilanie:<\/strong> +12V\/+24V, (Imin=15mA, Imax=300mA, I\u015br=50mA)\r\n\r\n<strong>Wej\u015bcia:<\/strong>\r\n\u2022 Zasilanie z pomiarem napi\u0119cia\r\n\u2022 Czujnik ruchu\r\n\r\n<strong>Internal data memory<\/strong> o zdarzeniach i po\u0142o\u017ceniu (30 000 pozycji)\r\n\r\n<strong>Wbudowany akumulator:<\/strong> 3.7V, 320mAh\r\n\r\n<strong>Zewn\u0119trzna antena<\/strong> GSM\/4G LTE\r\n\r\n<strong>Zewn\u0119trzna antena<\/strong> GPS\/GLONASS\r\n\r\n<strong>Wbudowany akcelerometr:<\/strong> Motion detection\r\n\r\n<\/div>","protected":false},"excerpt":{"rendered":"Charakterystyka nadajnika LE-820J &#8211; nadajnik dedykowany lokalizacji jacht\u00f3w z zewnetrzn\u0105 antena GPS Zasilanie: +12V\/+24V, (Imin=15mA, Imax=300mA, I\u015br=50mA) Wej\u015bcia: \u2022 Zasilanie z pomiarem napi\u0119cia \u2022 Czujnik ruchu Wbudowana pami\u0119\u0107 danych o zdarzeniach i po\u0142o\u017ceniu (30 000 pozycji) Wbudowany akumulator: 3.7V, 320mAh Zewn\u0119trzna antena GSM\/4G LTE Zewn\u0119trzna antena GPS\/GLONASS Wbudowany akcelerometr: Detekcja ruchu","protected":false},"featured_media":7623,"template":"","meta":{"inline_featured_image":false},"product_brand":[],"product_cat":[30],"product_tag":[],"class_list":{"0":"post-7622","1":"product","2":"type-product","3":"status-publish","4":"has-post-thumbnail","6":"product_cat-produkty","8":"first","9":"instock","10":"shipping-taxable","11":"product-type-simple"},"_links":{"self":[{"href":"https:\/\/pulson.pl\/en\/wp-json\/wp\/v2\/product\/7622","targetHints":{"allow":["GET"]}}],"collection":[{"href":"https:\/\/pulson.pl\/en\/wp-json\/wp\/v2\/product"}],"about":[{"href":"https:\/\/pulson.pl\/en\/wp-json\/wp\/v2\/types\/product"}],"wp:featuredmedia":[{"embeddable":true,"href":"https:\/\/pulson.pl\/en\/wp-json\/wp\/v2\/media\/7623"}],"wp:attachment":[{"href":"https:\/\/pulson.pl\/en\/wp-json\/wp\/v2\/media?parent=7622"}],"wp:term":[{"taxonomy":"product_brand","embeddable":true,"href":"https:\/\/pulson.pl\/en\/wp-json\/wp\/v2\/product_brand?post=7622"},{"taxonomy":"product_cat","embeddable":true,"href":"https:\/\/pulson.pl\/en\/wp-json\/wp\/v2\/product_cat?post=7622"},{"taxonomy":"product_tag","embeddable":true,"href":"https:\/\/pulson.pl\/en\/wp-json\/wp\/v2\/product_tag?post=7622"}],"curies":[{"name":"wp","href":"https:\/\/api.w.org\/{rel}","templated":true}]}}